{"id":1180,"date":"2023-05-09T16:12:31","date_gmt":"2023-05-09T16:12:31","guid":{"rendered":"https:\/\/gestoriapapio.es\/otros-servicios\/"},"modified":"2026-02-03T11:25:00","modified_gmt":"2026-02-03T11:25:00","slug":"otros-servicios","status":"publish","type":"page","link":"https:\/\/gestoriapapio.es\/es\/otros-servicios\/","title":{"rendered":"Otros servicios"},"content":{"rendered":"\t\t<div data-elementor-type=\"wp-page\" data-elementor-id=\"1180\" class=\"elementor elementor-1180 elementor-1019\" data-elementor-post-type=\"page\">\n\t\t\t\t\t\t<section class=\"elementor-section elementor-top-section elementor-element elementor-element-0fba9de elementor-section-boxed elementor-section-height-default elementor-section-height-default\" data-id=\"0fba9de\" data-element_type=\"section\" data-e-type=\"section\" data-settings=\"{&quot;background_background&quot;:&quot;classic&quot;}\">\n\t\t\t\t\t\t\t<div class=\"elementor-background-overlay\"><\/div>\n\t\t\t\t\t\t\t<div class=\"elementor-container elementor-column-gap-default\">\n\t\t\t\t\t<div class=\"elementor-column elementor-col-100 elementor-top-column elementor-element elementor-element-50d39be\" data-id=\"50d39be\" data-element_type=\"column\" data-e-type=\"column\">\n\t\t\t<div class=\"elementor-widget-wrap elementor-element-populated\">\n\t\t\t\t\t\t<div class=\"elementor-element elementor-element-05a0c8b elementor-widget elementor-widget-heading\" data-id=\"05a0c8b\" data-element_type=\"widget\" data-e-type=\"widget\" data-widget_type=\"heading.default\">\n\t\t\t\t<div class=\"elementor-widget-container\">\n\t\t\t\t\t<h1 class=\"elementor-heading-title elementor-size-default\">Otros servicios<\/h1>\t\t\t\t<\/div>\n\t\t\t\t<\/div>\n\t\t\t\t\t<\/div>\n\t\t<\/div>\n\t\t\t\t\t<\/div>\n\t\t<\/section>\n\t\t\t\t<section class=\"elementor-section elementor-top-section elementor-element elementor-element-c7dd740 elementor-section-content-middle elementor-section-boxed elementor-section-height-default elementor-section-height-default\" data-id=\"c7dd740\" data-element_type=\"section\" data-e-type=\"section\" id=\"vehicles\">\n\t\t\t\t\t\t<div class=\"elementor-container elementor-column-gap-default\">\n\t\t\t\t\t<div class=\"elementor-column elementor-col-50 elementor-top-column elementor-element elementor-element-549475b\" data-id=\"549475b\" data-element_type=\"column\" data-e-type=\"column\">\n\t\t\t<div class=\"elementor-widget-wrap elementor-element-populated\">\n\t\t\t\t\t\t<div class=\"elementor-element elementor-element-21a05f6 elementor-widget elementor-widget-image\" data-id=\"21a05f6\" data-element_type=\"widget\" data-e-type=\"widget\" data-widget_type=\"image.default\">\n\t\t\t\t<div class=\"elementor-widget-container\">\n\t\t\t\t\t\t\t\t\t\t\t\t\t\t\t<img fetchpriority=\"high\" decoding=\"async\" width=\"554\" height=\"475\" src=\"https:\/\/gestoriapapio.es\/wp-content\/uploads\/2023\/05\/otros-servicios_icono-gestio-vehicles.svg\" class=\"attachment-large size-large wp-image-1039\" alt=\"otros-servicios_icono-gestio-vehicles\" title=\"\">\t\t\t\t\t\t\t\t\t\t\t\t\t\t\t<\/div>\n\t\t\t\t<\/div>\n\t\t\t\t\t<\/div>\n\t\t<\/div>\n\t\t\t\t<div class=\"elementor-column elementor-col-50 elementor-top-column elementor-element elementor-element-582e465\" data-id=\"582e465\" data-element_type=\"column\" data-e-type=\"column\">\n\t\t\t<div class=\"elementor-widget-wrap elementor-element-populated\">\n\t\t\t\t\t\t<div class=\"elementor-element elementor-element-89a517e elementor-widget-mobile__width-inherit elementor-widget elementor-widget-heading\" data-id=\"89a517e\" data-element_type=\"widget\" data-e-type=\"widget\" data-widget_type=\"heading.default\">\n\t\t\t\t<div class=\"elementor-widget-container\">\n\t\t\t\t\t<h2 class=\"elementor-heading-title elementor-size-default\">Gesti\u00f3n de veh\u00edculos<\/h2>\t\t\t\t<\/div>\n\t\t\t\t<\/div>\n\t\t\t\t<div class=\"elementor-element elementor-element-b8c928d elementor-widget elementor-widget-text-editor\" data-id=\"b8c928d\" data-element_type=\"widget\" data-e-type=\"widget\" data-widget_type=\"text-editor.default\">\n\t\t\t\t<div class=\"elementor-widget-container\">\n\t\t\t\t\t\t\t\t\t<p>\u00bfNecesitas gestionar cualquier <strong>tr\u00e1mite relacionado con tu veh\u00edculo<\/strong>?<\/p><p>\u00a1En <a href=\"https:\/\/gestoriapapio.es\/es\/gestoria-papio\/\">Gestoria Papi\u00f3<\/a> nos encargamos de todo!<\/p><p>Llevamos a cabo una serie de gestiones relacionadas con <strong>transferencias y matriculaciones de toda clase de veh\u00edculos nacionales y de importaci\u00f3n.<\/strong> <strong>Altas y bajas en el ROMA (agricultura).<\/strong> Asimismo, si lo necesitas tambi\u00e9n tramitamos la baja de veh\u00edculos temporales y de exportaci\u00f3n, el permiso de conducir internacional o, entre otros, el <strong>duplicado<\/strong> de documentos como, por ejemplo, el <strong>permiso de circulaci\u00f3n.<\/strong> Y tambi\u00e9n canjes de permisos de conducir de la UE y del Reino Unido.<\/p>\t\t\t\t\t\t\t\t<\/div>\n\t\t\t\t<\/div>\n\t\t\t\t<div class=\"elementor-element elementor-element-e9b6e5c elementor-widget elementor-widget-button\" data-id=\"e9b6e5c\" data-element_type=\"widget\" data-e-type=\"widget\" data-widget_type=\"button.default\">\n\t\t\t\t<div class=\"elementor-widget-container\">\n\t\t\t\t\t\t\t\t\t<div class=\"elementor-button-wrapper\">\n\t\t\t\t\t<a class=\"elementor-button elementor-button-link elementor-size-sm\" href=\"https:\/\/gestoriapapio.es\/es\/tramites-para-vehiculos\/\">\n\t\t\t\t\t\t<span class=\"elementor-button-content-wrapper\">\n\t\t\t\t\t\t\t\t\t<span class=\"elementor-button-text\">Ver tr\u00e1mites<\/span>\n\t\t\t\t\t<\/span>\n\t\t\t\t\t<\/a>\n\t\t\t\t<\/div>\n\t\t\t\t\t\t\t\t<\/div>\n\t\t\t\t<\/div>\n\t\t\t\t\t<\/div>\n\t\t<\/div>\n\t\t\t\t\t<\/div>\n\t\t<\/section>\n\t\t\t\t<section class=\"elementor-section elementor-top-section elementor-element elementor-element-7d52bca elementor-section-content-middle elementor-reverse-mobile elementor-section-boxed elementor-section-height-default elementor-section-height-default\" data-id=\"7d52bca\" data-element_type=\"section\" data-e-type=\"section\" id=\"axa\">\n\t\t\t\t\t\t<div class=\"elementor-container elementor-column-gap-default\">\n\t\t\t\t\t<div class=\"elementor-column elementor-col-50 elementor-top-column elementor-element elementor-element-bb7346d\" data-id=\"bb7346d\" data-element_type=\"column\" data-e-type=\"column\">\n\t\t\t<div class=\"elementor-widget-wrap elementor-element-populated\">\n\t\t\t\t\t\t<div class=\"elementor-element elementor-element-32fa3fe elementor-widget-mobile__width-inherit elementor-widget elementor-widget-heading\" data-id=\"32fa3fe\" data-element_type=\"widget\" data-e-type=\"widget\" data-widget_type=\"heading.default\">\n\t\t\t\t<div class=\"elementor-widget-container\">\n\t\t\t\t\t<h2 class=\"elementor-heading-title elementor-size-default\">Seguros AXA<\/h2>\t\t\t\t<\/div>\n\t\t\t\t<\/div>\n\t\t\t\t<div class=\"elementor-element elementor-element-81a1fe1 elementor-widget elementor-widget-text-editor\" data-id=\"81a1fe1\" data-element_type=\"widget\" data-e-type=\"widget\" data-widget_type=\"text-editor.default\">\n\t\t\t\t<div class=\"elementor-widget-container\">\n\t\t\t\t\t\t\t\t\t<p>Si quieres <strong>contratar un seguro<\/strong> o necesitas que te ayudemos en cualquier tipo de gesti\u00f3n relacionada con tu p\u00f3liza, ponemos a tu disposici\u00f3n un amplio abanico de posibilidades con la compa\u00f1\u00eda <a href=\"https:\/\/www.axa.es\/seguros\/promocion\/multiproducto\/?ES=5000_A_BP_1&amp;gclid=Cj0KCQjwsIejBhDOARIsANYqkD06Oe8yRj86cF_emwqSfBkM1mDex1BaW75GMb_I5aGEH_0HinDA1ugaAib8EALw_wcB&amp;gclsrc=aw.ds\" target=\"_blank\" rel=\"noopener\">AXA<\/a> siendo mediadores directos con la compa\u00f1\u00eda. Te ofrecemos <strong>seguros de salud, veh\u00edculos, vida, hogar o responsabilidad civil.<\/strong> Adem\u00e1s, si necesitas un seguro para tu negocio, tambi\u00e9n puedes tramitarlo con nosotros. Te proporcionamos un servicio profesional, a fin de garantizarte una atenci\u00f3n personalizada y de calidad.<\/p>\t\t\t\t\t\t\t\t<\/div>\n\t\t\t\t<\/div>\n\t\t\t\t\t<\/div>\n\t\t<\/div>\n\t\t\t\t<div class=\"elementor-column elementor-col-50 elementor-top-column elementor-element elementor-element-45f45fe\" data-id=\"45f45fe\" data-element_type=\"column\" data-e-type=\"column\">\n\t\t\t<div class=\"elementor-widget-wrap elementor-element-populated\">\n\t\t\t\t\t\t<div class=\"elementor-element elementor-element-355bbde elementor-widget elementor-widget-image\" data-id=\"355bbde\" data-element_type=\"widget\" data-e-type=\"widget\" data-widget_type=\"image.default\">\n\t\t\t\t<div class=\"elementor-widget-container\">\n\t\t\t\t\t\t\t\t\t\t\t\t\t\t\t<img decoding=\"async\" width=\"1\" height=\"1\" src=\"https:\/\/gestoriapapio.es\/wp-content\/uploads\/2023\/05\/otros-servicios_icono-seguro-axa.svg\" class=\"attachment-large size-large wp-image-1041\" alt=\"\" title=\"\">\t\t\t\t\t\t\t\t\t\t\t\t\t\t\t<\/div>\n\t\t\t\t<\/div>\n\t\t\t\t\t<\/div>\n\t\t<\/div>\n\t\t\t\t\t<\/div>\n\t\t<\/section>\n\t\t\t\t<section class=\"elementor-section elementor-top-section elementor-element elementor-element-387cafc elementor-section-content-middle elementor-section-boxed elementor-section-height-default elementor-section-height-default\" data-id=\"387cafc\" data-element_type=\"section\" data-e-type=\"section\" id=\"transport\">\n\t\t\t\t\t\t<div class=\"elementor-container elementor-column-gap-default\">\n\t\t\t\t\t<div class=\"elementor-column elementor-col-50 elementor-top-column elementor-element elementor-element-438c7a8\" data-id=\"438c7a8\" data-element_type=\"column\" data-e-type=\"column\">\n\t\t\t<div class=\"elementor-widget-wrap elementor-element-populated\">\n\t\t\t\t\t\t<div class=\"elementor-element elementor-element-2a7460a elementor-widget elementor-widget-image\" data-id=\"2a7460a\" data-element_type=\"widget\" data-e-type=\"widget\" data-widget_type=\"image.default\">\n\t\t\t\t<div class=\"elementor-widget-container\">\n\t\t\t\t\t\t\t\t\t\t\t\t\t\t\t<img decoding=\"async\" width=\"554\" height=\"475\" src=\"https:\/\/gestoriapapio.es\/wp-content\/uploads\/2023\/05\/otros-servicios_icono-area-transport.svg\" class=\"attachment-large size-large wp-image-1037\" alt=\"otros-servicios_icono-area-transport\" title=\"\">\t\t\t\t\t\t\t\t\t\t\t\t\t\t\t<\/div>\n\t\t\t\t<\/div>\n\t\t\t\t\t<\/div>\n\t\t<\/div>\n\t\t\t\t<div class=\"elementor-column elementor-col-50 elementor-top-column elementor-element elementor-element-1ed454e\" data-id=\"1ed454e\" data-element_type=\"column\" data-e-type=\"column\">\n\t\t\t<div class=\"elementor-widget-wrap elementor-element-populated\">\n\t\t\t\t\t\t<div class=\"elementor-element elementor-element-3610500 elementor-widget-mobile__width-inherit elementor-widget elementor-widget-heading\" data-id=\"3610500\" data-element_type=\"widget\" data-e-type=\"widget\" data-widget_type=\"heading.default\">\n\t\t\t\t<div class=\"elementor-widget-container\">\n\t\t\t\t\t<h2 class=\"elementor-heading-title elementor-size-default\">\u00c1rea de transporte<\/h2>\t\t\t\t<\/div>\n\t\t\t\t<\/div>\n\t\t\t\t<div class=\"elementor-element elementor-element-e82f3f8 elementor-widget elementor-widget-text-editor\" data-id=\"e82f3f8\" data-element_type=\"widget\" data-e-type=\"widget\" data-widget_type=\"text-editor.default\">\n\t\t\t\t<div class=\"elementor-widget-container\">\n\t\t\t\t\t\t\t\t\t<p>Para poder circular con un veh\u00edculo destinado al <strong>transporte de mercanc\u00edas<\/strong> o <strong>pasajeros<\/strong> es necesario disponer de una <strong>tarjeta de transporte.<\/strong> En Gestor\u00eda Papi\u00f3 tramitamos tanto la obtenci\u00f3n como el <strong>visado de las autorizaciones de transporte<\/strong>, las tarjetas de tac\u00f3grafo para las empresas y conductores, el alta como operador de transporte, as\u00ed como la renovaci\u00f3n y sustituci\u00f3n de tarjetas.<\/p>\t\t\t\t\t\t\t\t<\/div>\n\t\t\t\t<\/div>\n\t\t\t\t\t<\/div>\n\t\t<\/div>\n\t\t\t\t\t<\/div>\n\t\t<\/section>\n\t\t\t\t<section class=\"elementor-section elementor-top-section elementor-element elementor-element-68ec748 elementor-section-boxed elementor-section-height-default elementor-section-height-default\" data-id=\"68ec748\" data-element_type=\"section\" data-e-type=\"section\">\n\t\t\t\t\t\t<div class=\"elementor-container elementor-column-gap-default\">\n\t\t\t\t\t<div class=\"elementor-column elementor-col-100 elementor-top-column elementor-element elementor-element-66ca2dd\" data-id=\"66ca2dd\" data-element_type=\"column\" data-e-type=\"column\" data-settings=\"{&quot;background_background&quot;:&quot;classic&quot;}\">\n\t\t\t<div class=\"elementor-widget-wrap elementor-element-populated\">\n\t\t\t\t\t\t<section class=\"elementor-section elementor-inner-section elementor-element elementor-element-f3346ff elementor-section-content-middle elementor-section-boxed elementor-section-height-default elementor-section-height-default\" data-id=\"f3346ff\" data-element_type=\"section\" data-e-type=\"section\">\n\t\t\t\t\t\t<div class=\"elementor-container elementor-column-gap-default\">\n\t\t\t\t\t<div class=\"elementor-column elementor-col-50 elementor-inner-column elementor-element elementor-element-e96ba2f\" data-id=\"e96ba2f\" data-element_type=\"column\" data-e-type=\"column\">\n\t\t\t<div class=\"elementor-widget-wrap elementor-element-populated\">\n\t\t\t\t\t\t<div class=\"elementor-element elementor-element-35856a5 elementor-widget elementor-widget-image\" data-id=\"35856a5\" data-element_type=\"widget\" data-e-type=\"widget\" data-widget_type=\"image.default\">\n\t\t\t\t<div class=\"elementor-widget-container\">\n\t\t\t\t\t\t\t\t\t\t\t\t\t\t\t<img loading=\"lazy\" decoding=\"async\" width=\"738\" height=\"541\" src=\"https:\/\/gestoriapapio.es\/wp-content\/uploads\/2023\/05\/Imatge-cta-altres-serveis.webp\" class=\"attachment-large size-large wp-image-1035\" alt=\"Imatge cta altres serveis\" srcset=\"https:\/\/gestoriapapio.es\/wp-content\/uploads\/2023\/05\/Imatge-cta-altres-serveis.webp 738w, https:\/\/gestoriapapio.es\/wp-content\/uploads\/2023\/05\/Imatge-cta-altres-serveis-300x220.webp 300w\" sizes=\"(max-width: 738px) 100vw, 738px\" title=\"\">\t\t\t\t\t\t\t\t\t\t\t\t\t\t\t<\/div>\n\t\t\t\t<\/div>\n\t\t\t\t\t<\/div>\n\t\t<\/div>\n\t\t\t\t<div class=\"elementor-column elementor-col-50 elementor-inner-column elementor-element elementor-element-a9507ce\" data-id=\"a9507ce\" data-element_type=\"column\" data-e-type=\"column\">\n\t\t\t<div class=\"elementor-widget-wrap elementor-element-populated\">\n\t\t\t\t\t\t<div class=\"elementor-element elementor-element-9102da1 elementor-widget-mobile__width-inherit elementor-widget elementor-widget-heading\" data-id=\"9102da1\" data-element_type=\"widget\" data-e-type=\"widget\" data-widget_type=\"heading.default\">\n\t\t\t\t<div class=\"elementor-widget-container\">\n\t\t\t\t\t<h3 class=\"elementor-heading-title elementor-size-default\">Te ayudamos con la gesti\u00f3n de tu veh\u00edculo<\/h3>\t\t\t\t<\/div>\n\t\t\t\t<\/div>\n\t\t\t\t<div class=\"elementor-element elementor-element-32c7c61 elementor-widget elementor-widget-text-editor\" data-id=\"32c7c61\" data-element_type=\"widget\" data-e-type=\"widget\" data-widget_type=\"text-editor.default\">\n\t\t\t\t<div class=\"elementor-widget-container\">\n\t\t\t\t\t\t\t\t\t<p>Tanto si necesitas vender tu veh\u00edculo o comprar uno de ocasi\u00f3n, en Gestoria Papi\u00f3 nos encargamos de llevar a cabo la gesti\u00f3n de cualquier tr\u00e1mite relacionado con el alta o baja, el cambio de titularidad o el permiso de conducir internacional, entre otros. \u00a1Expl\u00edcanos que necesitas y ahorrar\u00e1s tiempo y desplazamientos innecesarios!<\/p>\t\t\t\t\t\t\t\t<\/div>\n\t\t\t\t<\/div>\n\t\t\t\t<div class=\"elementor-element elementor-element-233c330 elementor-widget elementor-widget-button\" data-id=\"233c330\" data-element_type=\"widget\" data-e-type=\"widget\" data-widget_type=\"button.default\">\n\t\t\t\t<div class=\"elementor-widget-container\">\n\t\t\t\t\t\t\t\t\t<div class=\"elementor-button-wrapper\">\n\t\t\t\t\t<a class=\"elementor-button elementor-button-link elementor-size-sm\" href=\"https:\/\/gestoriapapio.es\/es\/contacto\/\">\n\t\t\t\t\t\t<span class=\"elementor-button-content-wrapper\">\n\t\t\t\t\t\t\t\t\t<span class=\"elementor-button-text\">Contactar<\/span>\n\t\t\t\t\t<\/span>\n\t\t\t\t\t<\/a>\n\t\t\t\t<\/div>\n\t\t\t\t\t\t\t\t<\/div>\n\t\t\t\t<\/div>\n\t\t\t\t\t<\/div>\n\t\t<\/div>\n\t\t\t\t\t<\/div>\n\t\t<\/section>\n\t\t\t\t<div class=\"elementor-element elementor-element-e8edc1f elementor-widget__width-initial elementor-absolute elementor-hidden-mobile elementor-widget elementor-widget-image\" data-id=\"e8edc1f\" data-element_type=\"widget\" data-e-type=\"widget\" data-settings=\"{&quot;_position&quot;:&quot;absolute&quot;}\" data-widget_type=\"image.default\">\n\t\t\t\t<div class=\"elementor-widget-container\">\n\t\t\t\t\t\t\t\t\t\t\t\t\t\t\t<img loading=\"lazy\" decoding=\"async\" width=\"423\" height=\"623\" src=\"https:\/\/gestoriapapio.es\/wp-content\/uploads\/2023\/05\/servicios_lineas-papio-vehicles.svg\" class=\"attachment-full size-full wp-image-977\" alt=\"servicios_lineas-papio-vehicles\" title=\"\">\t\t\t\t\t\t\t\t\t\t\t\t\t\t\t<\/div>\n\t\t\t\t<\/div>\n\t\t\t\t\t<\/div>\n\t\t<\/div>\n\t\t\t\t\t<\/div>\n\t\t<\/section>\n\t\t\t\t<\/div>\n\t\t","protected":false},"excerpt":{"rendered":"<p>Otros servicios Gesti\u00f3n de veh\u00edculos \u00bfNecesitas gestionar cualquier tr\u00e1mite relacionado con tu veh\u00edculo? \u00a1En Gestoria Papi\u00f3 nos encargamos de todo! Llevamos a cabo una serie de gestiones relacionadas con transferencias y matriculaciones de toda clase de veh\u00edculos nacionales y de importaci\u00f3n. Altas y bajas en el ROMA (agricultura). Asimismo, si lo necesitas tambi\u00e9n tramitamos la [&hellip;]<\/p>\n","protected":false},"author":1,"featured_media":0,"parent":0,"menu_order":0,"comment_status":"closed","ping_status":"closed","template":"","meta":{"footnotes":""},"class_list":["post-1180","page","type-page","status-publish","hentry"],"_links":{"self":[{"href":"https:\/\/gestoriapapio.es\/es\/wp-json\/wp\/v2\/pages\/1180","targetHints":{"allow":["GET"]}}],"collection":[{"href":"https:\/\/gestoriapapio.es\/es\/wp-json\/wp\/v2\/pages"}],"about":[{"href":"https:\/\/gestoriapapio.es\/es\/wp-json\/wp\/v2\/types\/page"}],"author":[{"embeddable":true,"href":"https:\/\/gestoriapapio.es\/es\/wp-json\/wp\/v2\/users\/1"}],"replies":[{"embeddable":true,"href":"https:\/\/gestoriapapio.es\/es\/wp-json\/wp\/v2\/comments?post=1180"}],"version-history":[{"count":3,"href":"https:\/\/gestoriapapio.es\/es\/wp-json\/wp\/v2\/pages\/1180\/revisions"}],"predecessor-version":[{"id":1528,"href":"https:\/\/gestoriapapio.es\/es\/wp-json\/wp\/v2\/pages\/1180\/revisions\/1528"}],"wp:attachment":[{"href":"https:\/\/gestoriapapio.es\/es\/wp-json\/wp\/v2\/media?parent=1180"}],"curies":[{"name":"wp","href":"https:\/\/api.w.org\/{rel}","templated":true}]}}