{"id":1184,"date":"2016-05-10T03:48:21","date_gmt":"2016-05-10T03:48:21","guid":{"rendered":"https:\/\/gestoriapapio.es\/servicios-de-gestoria\/"},"modified":"2026-02-03T11:27:00","modified_gmt":"2026-02-03T11:27:00","slug":"servicios-de-gestoria","status":"publish","type":"page","link":"https:\/\/gestoriapapio.es\/es\/servicios-de-gestoria\/","title":{"rendered":"Servicios de gestor\u00eda"},"content":{"rendered":"\t\t<div data-elementor-type=\"wp-page\" data-elementor-id=\"1184\" class=\"elementor elementor-1184 elementor-2\" data-elementor-post-type=\"page\">\n\t\t\t\t\t\t<section class=\"elementor-section elementor-top-section elementor-element elementor-element-631ed0e elementor-section-boxed elementor-section-height-default elementor-section-height-default\" data-id=\"631ed0e\" data-element_type=\"section\" data-e-type=\"section\" data-settings=\"{&quot;background_background&quot;:&quot;classic&quot;}\">\n\t\t\t\t\t\t\t<div class=\"elementor-background-overlay\"><\/div>\n\t\t\t\t\t\t\t<div class=\"elementor-container elementor-column-gap-default\">\n\t\t\t\t\t<div class=\"elementor-column elementor-col-100 elementor-top-column elementor-element elementor-element-0940e44\" data-id=\"0940e44\" data-element_type=\"column\" data-e-type=\"column\">\n\t\t\t<div class=\"elementor-widget-wrap elementor-element-populated\">\n\t\t\t\t\t\t<div class=\"elementor-element elementor-element-654f101 elementor-widget elementor-widget-heading\" data-id=\"654f101\" data-element_type=\"widget\" data-e-type=\"widget\" data-widget_type=\"heading.default\">\n\t\t\t\t<div class=\"elementor-widget-container\">\n\t\t\t\t\t<h1 class=\"elementor-heading-title elementor-size-default\">Servicios de gestor\u00eda<\/h1>\t\t\t\t<\/div>\n\t\t\t\t<\/div>\n\t\t\t\t\t<\/div>\n\t\t<\/div>\n\t\t\t\t\t<\/div>\n\t\t<\/section>\n\t\t\t\t<section class=\"elementor-section elementor-top-section elementor-element elementor-element-199dc9d elementor-section-content-middle elementor-section-boxed elementor-section-height-default elementor-section-height-default\" data-id=\"199dc9d\" data-element_type=\"section\" data-e-type=\"section\" id=\"laboral\">\n\t\t\t\t\t\t<div class=\"elementor-container elementor-column-gap-default\">\n\t\t\t\t\t<div class=\"elementor-column elementor-col-50 elementor-top-column elementor-element elementor-element-238ddd6\" data-id=\"238ddd6\" data-element_type=\"column\" data-e-type=\"column\">\n\t\t\t<div class=\"elementor-widget-wrap elementor-element-populated\">\n\t\t\t\t\t\t<div class=\"elementor-element elementor-element-be06b54 elementor-widget elementor-widget-image\" data-id=\"be06b54\" data-element_type=\"widget\" data-e-type=\"widget\" data-widget_type=\"image.default\">\n\t\t\t\t<div class=\"elementor-widget-container\">\n\t\t\t\t\t\t\t\t\t\t\t\t\t\t\t<img fetchpriority=\"high\" decoding=\"async\" width=\"475\" height=\"475\" src=\"https:\/\/gestoriapapio.es\/wp-content\/uploads\/2023\/05\/servicios_icono-laboral.svg\" class=\"attachment-large size-large wp-image-946\" alt=\"servicios_icono-laboral\" title=\"\">\t\t\t\t\t\t\t\t\t\t\t\t\t\t\t<\/div>\n\t\t\t\t<\/div>\n\t\t\t\t\t<\/div>\n\t\t<\/div>\n\t\t\t\t<div class=\"elementor-column elementor-col-50 elementor-top-column elementor-element elementor-element-1a9fd75\" data-id=\"1a9fd75\" data-element_type=\"column\" data-e-type=\"column\">\n\t\t\t<div class=\"elementor-widget-wrap elementor-element-populated\">\n\t\t\t\t\t\t<div class=\"elementor-element elementor-element-8f63d17 elementor-widget-mobile__width-inherit elementor-widget elementor-widget-heading\" data-id=\"8f63d17\" data-element_type=\"widget\" data-e-type=\"widget\" data-widget_type=\"heading.default\">\n\t\t\t\t<div class=\"elementor-widget-container\">\n\t\t\t\t\t<h2 class=\"elementor-heading-title elementor-size-default\">Gesti\u00f3n laboral<\/h2>\t\t\t\t<\/div>\n\t\t\t\t<\/div>\n\t\t\t\t<div class=\"elementor-element elementor-element-45f5804 elementor-widget elementor-widget-text-editor\" data-id=\"45f5804\" data-element_type=\"widget\" data-e-type=\"widget\" data-widget_type=\"text-editor.default\">\n\t\t\t\t<div class=\"elementor-widget-container\">\n\t\t\t\t\t\t\t\t\t<p>Nos encargamos de la <strong>gesti\u00f3n laboral<\/strong> de tu empresa, imprescindible para mantener la competitividad en sus negocios.<\/p>\n<p>Tramitamos <strong>contratos y pr\u00f3rrogas de trabajo, bajas por incapacidad temporal, despidos, n\u00f3minas y liquidaciones, alta de aut\u00f3nomos, jubilaciones<\/strong>, pensiones de viudedad y cualquier clase de gestiones laborales.<\/p>\t\t\t\t\t\t\t\t<\/div>\n\t\t\t\t<\/div>\n\t\t\t\t\t<\/div>\n\t\t<\/div>\n\t\t\t\t\t<\/div>\n\t\t<\/section>\n\t\t\t\t<section class=\"elementor-section elementor-top-section elementor-element elementor-element-bc4127b elementor-section-content-middle elementor-reverse-mobile elementor-section-boxed elementor-section-height-default elementor-section-height-default\" data-id=\"bc4127b\" data-element_type=\"section\" data-e-type=\"section\" id=\"fiscal\">\n\t\t\t\t\t\t<div class=\"elementor-container elementor-column-gap-default\">\n\t\t\t\t\t<div class=\"elementor-column elementor-col-50 elementor-top-column elementor-element elementor-element-cde87ac\" data-id=\"cde87ac\" data-element_type=\"column\" data-e-type=\"column\">\n\t\t\t<div class=\"elementor-widget-wrap elementor-element-populated\">\n\t\t\t\t\t\t<div class=\"elementor-element elementor-element-792db8e elementor-widget-mobile__width-inherit elementor-widget elementor-widget-heading\" data-id=\"792db8e\" data-element_type=\"widget\" data-e-type=\"widget\" data-widget_type=\"heading.default\">\n\t\t\t\t<div class=\"elementor-widget-container\">\n\t\t\t\t\t<h2 class=\"elementor-heading-title elementor-size-default\">Gesti\u00f3n fiscal<\/h2>\t\t\t\t<\/div>\n\t\t\t\t<\/div>\n\t\t\t\t<div class=\"elementor-element elementor-element-1e08e75 elementor-widget elementor-widget-text-editor\" data-id=\"1e08e75\" data-element_type=\"widget\" data-e-type=\"widget\" data-widget_type=\"text-editor.default\">\n\t\t\t\t<div class=\"elementor-widget-container\">\n\t\t\t\t\t\t\t\t\t<p>En <a href=\"https:\/\/gestoriapapio.es\/es\/gestoria-papio\/\">Gestoria Papi\u00f3<\/a> disponemos de una dilatada experiencia en la <strong>gesti\u00f3n de tr\u00e1mites fiscales<\/strong> para todo tipo de negocios. Llevamos al d\u00eda las obligaciones financieras, impuestos y declaraciones necesarias para tu empresa (impuestos trimestrales y resumen anual, tramitaci\u00f3n del <strong>impuesto de la Renta de las personas f\u00edsicas, IVA<\/strong>, estudio del ep\u00edgrafe que mejor se adapte a la actividad de aut\u00f3nomos y empresas, impuestos de sociedades&#8230;).<\/p>\t\t\t\t\t\t\t\t<\/div>\n\t\t\t\t<\/div>\n\t\t\t\t\t<\/div>\n\t\t<\/div>\n\t\t\t\t<div class=\"elementor-column elementor-col-50 elementor-top-column elementor-element elementor-element-6af675b\" data-id=\"6af675b\" data-element_type=\"column\" data-e-type=\"column\">\n\t\t\t<div class=\"elementor-widget-wrap elementor-element-populated\">\n\t\t\t\t\t\t<div class=\"elementor-element elementor-element-c12f442 elementor-widget elementor-widget-image\" data-id=\"c12f442\" data-element_type=\"widget\" data-e-type=\"widget\" data-widget_type=\"image.default\">\n\t\t\t\t<div class=\"elementor-widget-container\">\n\t\t\t\t\t\t\t\t\t\t\t\t\t\t\t<img decoding=\"async\" width=\"475\" height=\"475\" src=\"https:\/\/gestoriapapio.es\/wp-content\/uploads\/2023\/05\/servicios_icono-fiscal.svg\" class=\"attachment-large size-large wp-image-944\" alt=\"servicios_icono-fiscal\" title=\"\">\t\t\t\t\t\t\t\t\t\t\t\t\t\t\t<\/div>\n\t\t\t\t<\/div>\n\t\t\t\t\t<\/div>\n\t\t<\/div>\n\t\t\t\t\t<\/div>\n\t\t<\/section>\n\t\t\t\t<section class=\"elementor-section elementor-top-section elementor-element elementor-element-3ea7832 elementor-section-content-middle elementor-section-boxed elementor-section-height-default elementor-section-height-default\" data-id=\"3ea7832\" data-element_type=\"section\" data-e-type=\"section\" id=\"comptable\">\n\t\t\t\t\t\t<div class=\"elementor-container elementor-column-gap-default\">\n\t\t\t\t\t<div class=\"elementor-column elementor-col-50 elementor-top-column elementor-element elementor-element-9094a97\" data-id=\"9094a97\" data-element_type=\"column\" data-e-type=\"column\">\n\t\t\t<div class=\"elementor-widget-wrap elementor-element-populated\">\n\t\t\t\t\t\t<div class=\"elementor-element elementor-element-326715f elementor-widget elementor-widget-image\" data-id=\"326715f\" data-element_type=\"widget\" data-e-type=\"widget\" data-widget_type=\"image.default\">\n\t\t\t\t<div class=\"elementor-widget-container\">\n\t\t\t\t\t\t\t\t\t\t\t\t\t\t\t<img decoding=\"async\" width=\"475\" height=\"475\" src=\"https:\/\/gestoriapapio.es\/wp-content\/uploads\/2023\/05\/servicios-icono-comptable.svg\" class=\"attachment-large size-large wp-image-948\" alt=\"servicios-icono-comptable\" title=\"\">\t\t\t\t\t\t\t\t\t\t\t\t\t\t\t<\/div>\n\t\t\t\t<\/div>\n\t\t\t\t\t<\/div>\n\t\t<\/div>\n\t\t\t\t<div class=\"elementor-column elementor-col-50 elementor-top-column elementor-element elementor-element-8035856\" data-id=\"8035856\" data-element_type=\"column\" data-e-type=\"column\">\n\t\t\t<div class=\"elementor-widget-wrap elementor-element-populated\">\n\t\t\t\t\t\t<div class=\"elementor-element elementor-element-74891d9 elementor-widget-mobile__width-inherit elementor-widget elementor-widget-heading\" data-id=\"74891d9\" data-element_type=\"widget\" data-e-type=\"widget\" data-widget_type=\"heading.default\">\n\t\t\t\t<div class=\"elementor-widget-container\">\n\t\t\t\t\t<h2 class=\"elementor-heading-title elementor-size-default\">Gesti\u00f3n contable<\/h2>\t\t\t\t<\/div>\n\t\t\t\t<\/div>\n\t\t\t\t<div class=\"elementor-element elementor-element-5bfae15 elementor-widget elementor-widget-text-editor\" data-id=\"5bfae15\" data-element_type=\"widget\" data-e-type=\"widget\" data-widget_type=\"text-editor.default\">\n\t\t\t\t<div class=\"elementor-widget-container\">\n\t\t\t\t\t\t\t\t\t<p>Llevar a cabo una correcta <strong>gesti\u00f3n contable<\/strong> es fundamental para el desarrollo de tu empresa. Te ayudamos a identificar, medir, analizar y comunicar tus operaciones financieras. En general, de forma ordenada y met\u00f3dica, <strong>mejoramos la gesti\u00f3n de tus operaciones<\/strong>, encarg\u00e1ndonos de la contabilidad, balances, libros contables o cuentas anuales.<\/p>\t\t\t\t\t\t\t\t<\/div>\n\t\t\t\t<\/div>\n\t\t\t\t\t<\/div>\n\t\t<\/div>\n\t\t\t\t\t<\/div>\n\t\t<\/section>\n\t\t\t\t<section class=\"elementor-section elementor-top-section elementor-element elementor-element-34ef93a elementor-section-boxed elementor-section-height-default elementor-section-height-default\" data-id=\"34ef93a\" data-element_type=\"section\" data-e-type=\"section\">\n\t\t\t\t\t\t<div class=\"elementor-container elementor-column-gap-default\">\n\t\t\t\t\t<div class=\"elementor-column elementor-col-100 elementor-top-column elementor-element elementor-element-7f72405\" data-id=\"7f72405\" data-element_type=\"column\" data-e-type=\"column\" data-settings=\"{&quot;background_background&quot;:&quot;classic&quot;}\">\n\t\t\t<div class=\"elementor-widget-wrap elementor-element-populated\">\n\t\t\t\t\t\t<section class=\"elementor-section elementor-inner-section elementor-element elementor-element-1f00af9 elementor-section-content-middle elementor-section-boxed elementor-section-height-default elementor-section-height-default\" data-id=\"1f00af9\" data-element_type=\"section\" data-e-type=\"section\">\n\t\t\t\t\t\t<div class=\"elementor-container elementor-column-gap-default\">\n\t\t\t\t\t<div class=\"elementor-column elementor-col-50 elementor-inner-column elementor-element elementor-element-f1899f6\" data-id=\"f1899f6\" data-element_type=\"column\" data-e-type=\"column\">\n\t\t\t<div class=\"elementor-widget-wrap elementor-element-populated\">\n\t\t\t\t\t\t<div class=\"elementor-element elementor-element-db4a4f0 elementor-widget elementor-widget-image\" data-id=\"db4a4f0\" data-element_type=\"widget\" data-e-type=\"widget\" data-widget_type=\"image.default\">\n\t\t\t\t<div class=\"elementor-widget-container\">\n\t\t\t\t\t\t\t\t\t\t\t\t\t\t\t<img loading=\"lazy\" decoding=\"async\" width=\"738\" height=\"541\" src=\"https:\/\/gestoriapapio.es\/wp-content\/uploads\/2023\/05\/imagen-chica-cta.webp\" class=\"attachment-large size-large wp-image-971\" alt=\"imagen chica cta\" srcset=\"https:\/\/gestoriapapio.es\/wp-content\/uploads\/2023\/05\/imagen-chica-cta.webp 738w, https:\/\/gestoriapapio.es\/wp-content\/uploads\/2023\/05\/imagen-chica-cta-300x220.webp 300w\" sizes=\"(max-width: 738px) 100vw, 738px\" title=\"\">\t\t\t\t\t\t\t\t\t\t\t\t\t\t\t<\/div>\n\t\t\t\t<\/div>\n\t\t\t\t\t<\/div>\n\t\t<\/div>\n\t\t\t\t<div class=\"elementor-column elementor-col-50 elementor-inner-column elementor-element elementor-element-75eba4b\" data-id=\"75eba4b\" data-element_type=\"column\" data-e-type=\"column\">\n\t\t\t<div class=\"elementor-widget-wrap elementor-element-populated\">\n\t\t\t\t\t\t<div class=\"elementor-element elementor-element-114d633 elementor-widget-mobile__width-inherit elementor-widget elementor-widget-heading\" data-id=\"114d633\" data-element_type=\"widget\" data-e-type=\"widget\" data-widget_type=\"heading.default\">\n\t\t\t\t<div class=\"elementor-widget-container\">\n\t\t\t\t\t<h3 class=\"elementor-heading-title elementor-size-default\">\u00bfNecesitas ayuda con tu negocio?<\/h3>\t\t\t\t<\/div>\n\t\t\t\t<\/div>\n\t\t\t\t<div class=\"elementor-element elementor-element-3325e4b elementor-widget elementor-widget-text-editor\" data-id=\"3325e4b\" data-element_type=\"widget\" data-e-type=\"widget\" data-widget_type=\"text-editor.default\">\n\t\t\t\t<div class=\"elementor-widget-container\">\n\t\t\t\t\t\t\t\t\t<p>Si quieres poner en marcha un nuevo proyecto, crear una empresa o darte de alta como trabajador\/a aut\u00f3nomo\/a, en la Gestoria Papi\u00f3 queremos ayudarte.<\/p><p>Te ofrecemos asesoramiento personalizado y encontramos la mejor forma de gestionar tu negocio. Con total transparencia, nos encargamos de la tramitaci\u00f3n de todos los procedimientos necesarios para el correcto desarrollo de tu empresa. \u00bfNecesitas m\u00e1s informaci\u00f3n? \u00a1Preg\u00fantanos!<\/p>\t\t\t\t\t\t\t\t<\/div>\n\t\t\t\t<\/div>\n\t\t\t\t<div class=\"elementor-element elementor-element-93b0f7e elementor-widget elementor-widget-button\" data-id=\"93b0f7e\" data-element_type=\"widget\" data-e-type=\"widget\" data-widget_type=\"button.default\">\n\t\t\t\t<div class=\"elementor-widget-container\">\n\t\t\t\t\t\t\t\t\t<div class=\"elementor-button-wrapper\">\n\t\t\t\t\t<a class=\"elementor-button elementor-button-link elementor-size-sm\" href=\"https:\/\/gestoriapapio.es\/es\/contacto\/\">\n\t\t\t\t\t\t<span class=\"elementor-button-content-wrapper\">\n\t\t\t\t\t\t\t\t\t<span class=\"elementor-button-text\">Contactar<\/span>\n\t\t\t\t\t<\/span>\n\t\t\t\t\t<\/a>\n\t\t\t\t<\/div>\n\t\t\t\t\t\t\t\t<\/div>\n\t\t\t\t<\/div>\n\t\t\t\t\t<\/div>\n\t\t<\/div>\n\t\t\t\t\t<\/div>\n\t\t<\/section>\n\t\t\t\t<div class=\"elementor-element elementor-element-56be1f2 elementor-widget__width-initial elementor-absolute elementor-hidden-mobile elementor-widget elementor-widget-image\" data-id=\"56be1f2\" data-element_type=\"widget\" data-e-type=\"widget\" data-settings=\"{&quot;_position&quot;:&quot;absolute&quot;}\" data-widget_type=\"image.default\">\n\t\t\t\t<div class=\"elementor-widget-container\">\n\t\t\t\t\t\t\t\t\t\t\t\t\t\t\t<img loading=\"lazy\" decoding=\"async\" width=\"423\" height=\"623\" src=\"https:\/\/gestoriapapio.es\/wp-content\/uploads\/2023\/05\/servicios_lineas-papio-vehicles.svg\" class=\"attachment-full size-full wp-image-977\" alt=\"servicios_lineas-papio-vehicles\" title=\"\">\t\t\t\t\t\t\t\t\t\t\t\t\t\t\t<\/div>\n\t\t\t\t<\/div>\n\t\t\t\t\t<\/div>\n\t\t<\/div>\n\t\t\t\t\t<\/div>\n\t\t<\/section>\n\t\t\t\t<\/div>\n\t\t","protected":false},"excerpt":{"rendered":"<p>Servicios de gestor\u00eda Gesti\u00f3n laboral Nos encargamos de la gesti\u00f3n laboral de tu empresa, imprescindible para mantener la competitividad en sus negocios. Tramitamos contratos y pr\u00f3rrogas de trabajo, bajas por incapacidad temporal, despidos, n\u00f3minas y liquidaciones, alta de aut\u00f3nomos, jubilaciones, pensiones de viudedad y cualquier clase de gestiones laborales. Gesti\u00f3n fiscal En Gestoria Papi\u00f3 disponemos [&hellip;]<\/p>\n","protected":false},"author":1,"featured_media":0,"parent":0,"menu_order":0,"comment_status":"closed","ping_status":"closed","template":"","meta":{"footnotes":""},"class_list":["post-1184","page","type-page","status-publish","hentry"],"_links":{"self":[{"href":"https:\/\/gestoriapapio.es\/es\/wp-json\/wp\/v2\/pages\/1184","targetHints":{"allow":["GET"]}}],"collection":[{"href":"https:\/\/gestoriapapio.es\/es\/wp-json\/wp\/v2\/pages"}],"about":[{"href":"https:\/\/gestoriapapio.es\/es\/wp-json\/wp\/v2\/types\/page"}],"author":[{"embeddable":true,"href":"https:\/\/gestoriapapio.es\/es\/wp-json\/wp\/v2\/users\/1"}],"replies":[{"embeddable":true,"href":"https:\/\/gestoriapapio.es\/es\/wp-json\/wp\/v2\/comments?post=1184"}],"version-history":[{"count":8,"href":"https:\/\/gestoriapapio.es\/es\/wp-json\/wp\/v2\/pages\/1184\/revisions"}],"predecessor-version":[{"id":1531,"href":"https:\/\/gestoriapapio.es\/es\/wp-json\/wp\/v2\/pages\/1184\/revisions\/1531"}],"wp:attachment":[{"href":"https:\/\/gestoriapapio.es\/es\/wp-json\/wp\/v2\/media?parent=1184"}],"curies":[{"name":"wp","href":"https:\/\/api.w.org\/{rel}","templated":true}]}}