{"id":1446,"date":"2026-02-03T09:14:48","date_gmt":"2026-02-03T09:14:48","guid":{"rendered":"https:\/\/gestoriapapio.es\/tramites-para-vehiculos\/"},"modified":"2026-02-03T15:49:45","modified_gmt":"2026-02-03T15:49:45","slug":"tramites-para-vehiculos","status":"publish","type":"page","link":"https:\/\/gestoriapapio.es\/es\/tramites-para-vehiculos\/","title":{"rendered":"Tr\u00e1mites para veh\u00edculos"},"content":{"rendered":"\t\t<div data-elementor-type=\"wp-page\" data-elementor-id=\"1446\" class=\"elementor elementor-1446 elementor-1330\" data-elementor-post-type=\"page\">\n\t\t\t\t\t\t<section class=\"elementor-section elementor-top-section elementor-element elementor-element-d4d2350 elementor-section-boxed elementor-section-height-default elementor-section-height-default\" data-id=\"d4d2350\" data-element_type=\"section\" data-e-type=\"section\" data-settings=\"{&quot;background_background&quot;:&quot;classic&quot;}\">\n\t\t\t\t\t\t\t<div class=\"elementor-background-overlay\"><\/div>\n\t\t\t\t\t\t\t<div class=\"elementor-container elementor-column-gap-default\">\n\t\t\t\t\t<div class=\"elementor-column elementor-col-100 elementor-top-column elementor-element elementor-element-90f4a80\" data-id=\"90f4a80\" data-element_type=\"column\" data-e-type=\"column\">\n\t\t\t<div class=\"elementor-widget-wrap elementor-element-populated\">\n\t\t\t\t\t\t<div class=\"elementor-element elementor-element-457f9cf elementor-widget elementor-widget-heading\" data-id=\"457f9cf\" data-element_type=\"widget\" data-e-type=\"widget\" data-widget_type=\"heading.default\">\n\t\t\t\t<div class=\"elementor-widget-container\">\n\t\t\t\t\t<h1 class=\"elementor-heading-title elementor-size-default\">Tr\u00e1mites para veh\u00edculos<\/h1>\t\t\t\t<\/div>\n\t\t\t\t<\/div>\n\t\t\t\t\t<\/div>\n\t\t<\/div>\n\t\t\t\t\t<\/div>\n\t\t<\/section>\n\t\t\t\t<section class=\"elementor-section elementor-top-section elementor-element elementor-element-3cb8cc5 elementor-section-content-middle elementor-section-boxed elementor-section-height-default elementor-section-height-default\" data-id=\"3cb8cc5\" data-element_type=\"section\" data-e-type=\"section\">\n\t\t\t\t\t\t<div class=\"elementor-container elementor-column-gap-default\">\n\t\t\t\t\t<div class=\"elementor-column elementor-col-50 elementor-top-column elementor-element elementor-element-4ca8492\" data-id=\"4ca8492\" data-element_type=\"column\" data-e-type=\"column\">\n\t\t\t<div class=\"elementor-widget-wrap elementor-element-populated\">\n\t\t\t\t\t\t<div class=\"elementor-element elementor-element-2233064 elementor-widget elementor-widget-image\" data-id=\"2233064\" data-element_type=\"widget\" data-e-type=\"widget\" data-widget_type=\"image.default\">\n\t\t\t\t<div class=\"elementor-widget-container\">\n\t\t\t\t\t\t\t\t\t\t\t\t\t\t\t<img fetchpriority=\"high\" decoding=\"async\" width=\"800\" height=\"771\" src=\"https:\/\/gestoriapapio.es\/wp-content\/uploads\/2026\/02\/icono-tramits-per-vehicles-1024x987.png\" class=\"attachment-large size-large wp-image-1448\" alt=\"icono tr\u00e1mites para vehiculos\" srcset=\"https:\/\/gestoriapapio.es\/wp-content\/uploads\/2026\/02\/icono-tramits-per-vehicles-1024x987.png 1024w, https:\/\/gestoriapapio.es\/wp-content\/uploads\/2026\/02\/icono-tramits-per-vehicles-300x289.png 300w, https:\/\/gestoriapapio.es\/wp-content\/uploads\/2026\/02\/icono-tramits-per-vehicles-768x740.png 768w, https:\/\/gestoriapapio.es\/wp-content\/uploads\/2026\/02\/icono-tramits-per-vehicles-1536x1480.png 1536w, https:\/\/gestoriapapio.es\/wp-content\/uploads\/2026\/02\/icono-tramits-per-vehicles.png 1860w\" sizes=\"(max-width: 800px) 100vw, 800px\" title=\"\">\t\t\t\t\t\t\t\t\t\t\t\t\t\t\t<\/div>\n\t\t\t\t<\/div>\n\t\t\t\t\t<\/div>\n\t\t<\/div>\n\t\t\t\t<div class=\"elementor-column elementor-col-50 elementor-top-column elementor-element elementor-element-38c1f74\" data-id=\"38c1f74\" data-element_type=\"column\" data-e-type=\"column\">\n\t\t\t<div class=\"elementor-widget-wrap elementor-element-populated\">\n\t\t\t\t\t\t<div class=\"elementor-element elementor-element-ee44de4 elementor-widget-mobile__width-inherit elementor-widget elementor-widget-heading\" data-id=\"ee44de4\" data-element_type=\"widget\" data-e-type=\"widget\" data-widget_type=\"heading.default\">\n\t\t\t\t<div class=\"elementor-widget-container\">\n\t\t\t\t\t<h2 class=\"elementor-heading-title elementor-size-default\">Gesti\u00f3n de veh\u00edculos<\/h2>\t\t\t\t<\/div>\n\t\t\t\t<\/div>\n\t\t\t\t<div class=\"elementor-element elementor-element-63f8d06 elementor-widget elementor-widget-text-editor\" data-id=\"63f8d06\" data-element_type=\"widget\" data-e-type=\"widget\" data-widget_type=\"text-editor.default\">\n\t\t\t\t<div class=\"elementor-widget-container\">\n\t\t\t\t\t\t\t\t\t<p>Deja los tr\u00e1mites de tu veh\u00edculo en nuestras manos. Somos un centro autorizado por la DGT especializado en resolver cualquier gesti\u00f3n administrativa de manera r\u00e1pida y eficaz. <\/p><p>Te ayudamos con la compraventa de tu coche (transferencias y notificaciones de venta), as\u00ed como con matriculaciones, rehabilitaciones y gesti\u00f3n de bajas. \u00bfNecesitas actualizar papeles? Nos ocupamos de los duplicados, cambios de domicilio y modificaci\u00f3n de datos t\u00e9cnicos. Adem\u00e1s, gestionamos todo lo relacionado con tu carnet: desde renovaciones y duplicados hasta permisos internacionales y canjes de la Uni\u00f3n Europea.   <\/p>\t\t\t\t\t\t\t\t<\/div>\n\t\t\t\t<\/div>\n\t\t\t\t\t<\/div>\n\t\t<\/div>\n\t\t\t\t\t<\/div>\n\t\t<\/section>\n\t\t\t\t<section class=\"elementor-section elementor-top-section elementor-element elementor-element-eca0323 elementor-section-boxed elementor-section-height-default elementor-section-height-default\" data-id=\"eca0323\" data-element_type=\"section\" data-e-type=\"section\">\n\t\t\t\t\t\t<div class=\"elementor-container elementor-column-gap-default\">\n\t\t\t\t\t<div class=\"elementor-column elementor-col-100 elementor-top-column elementor-element elementor-element-77de576\" data-id=\"77de576\" data-element_type=\"column\" data-e-type=\"column\" data-settings=\"{&quot;background_background&quot;:&quot;classic&quot;}\">\n\t\t\t<div class=\"elementor-widget-wrap elementor-element-populated\">\n\t\t\t\t\t\t<div class=\"elementor-element elementor-element-ca12d18 elementor-widget elementor-widget-heading\" data-id=\"ca12d18\" data-element_type=\"widget\" data-e-type=\"widget\" data-widget_type=\"heading.default\">\n\t\t\t\t<div class=\"elementor-widget-container\">\n\t\t\t\t\t<h3 class=\"elementor-heading-title elementor-size-default\">\u00bfQu\u00e9 tr\u00e1mites para veh\u00edculos realizamos?<\/h3>\t\t\t\t<\/div>\n\t\t\t\t<\/div>\n\t\t\t\t<div class=\"elementor-element elementor-element-ae07efc elementor-widget elementor-widget-text-editor\" data-id=\"ae07efc\" data-element_type=\"widget\" data-e-type=\"widget\" data-widget_type=\"text-editor.default\">\n\t\t\t\t<div class=\"elementor-widget-container\">\n\t\t\t\t\t\t\t\t\t<p>Ponemos a tu disposici\u00f3n un equipo experto en tr\u00e1mites de veh\u00edculos para resolver cualquier gesti\u00f3n administrativa de manera eficaz. Te ofrecemos asesoramiento personalizado y tramitaci\u00f3n directa para que no tengas que preocuparte por la burocracia. <\/p>\t\t\t\t\t\t\t\t<\/div>\n\t\t\t\t<\/div>\n\t\t<div class=\"elementor-element elementor-element-efb24db e-con-full e-grid e-con e-parent\" data-id=\"efb24db\" data-element_type=\"container\" data-e-type=\"container\">\n\t\t<div class=\"elementor-element elementor-element-9689b3e e-con-full e-flex e-con e-child\" data-id=\"9689b3e\" data-element_type=\"container\" data-e-type=\"container\" data-settings=\"{&quot;background_background&quot;:&quot;classic&quot;}\">\n\t\t\t\t<div class=\"elementor-element elementor-element-621100a elementor-widget elementor-widget-heading\" data-id=\"621100a\" data-element_type=\"widget\" data-e-type=\"widget\" data-widget_type=\"heading.default\">\n\t\t\t\t<div class=\"elementor-widget-container\">\n\t\t\t\t\t<h3 class=\"elementor-heading-title elementor-size-default\">Transferencia de veh\u00edculos<\/h3>\t\t\t\t<\/div>\n\t\t\t\t<\/div>\n\t\t\t\t<div class=\"elementor-element elementor-element-8a68ef8 elementor-widget elementor-widget-text-editor\" data-id=\"8a68ef8\" data-element_type=\"widget\" data-e-type=\"widget\" data-widget_type=\"text-editor.default\">\n\t\t\t\t<div class=\"elementor-widget-container\">\n\t\t\t\t\t\t\t\t\t<p>Gestionamos el cambio de nombre de tu coche o moto de forma inmediata y telem\u00e1tica, con total seguridad jur\u00eddica ante la DGT.<\/p>\t\t\t\t\t\t\t\t<\/div>\n\t\t\t\t<\/div>\n\t\t\t\t<\/div>\n\t\t<div class=\"elementor-element elementor-element-fbf6963 e-con-full e-flex e-con e-child\" data-id=\"fbf6963\" data-element_type=\"container\" data-e-type=\"container\" data-settings=\"{&quot;background_background&quot;:&quot;classic&quot;}\">\n\t\t\t\t<div class=\"elementor-element elementor-element-1080f6d elementor-widget elementor-widget-heading\" data-id=\"1080f6d\" data-element_type=\"widget\" data-e-type=\"widget\" data-widget_type=\"heading.default\">\n\t\t\t\t<div class=\"elementor-widget-container\">\n\t\t\t\t\t<h3 class=\"elementor-heading-title elementor-size-default\">Notificaci\u00f3n de venta<\/h3>\t\t\t\t<\/div>\n\t\t\t\t<\/div>\n\t\t\t\t<div class=\"elementor-element elementor-element-4c303b4 elementor-widget elementor-widget-text-editor\" data-id=\"4c303b4\" data-element_type=\"widget\" data-e-type=\"widget\" data-widget_type=\"text-editor.default\">\n\t\t\t\t<div class=\"elementor-widget-container\">\n\t\t\t\t\t\t\t\t\t<p>\u00bfHas vendido el veh\u00edculo? Notificamos la venta a Tr\u00e1fico para liberarte de responsabilidades futuras, multas o impuestos pendientes. <\/p>\t\t\t\t\t\t\t\t<\/div>\n\t\t\t\t<\/div>\n\t\t\t\t<\/div>\n\t\t<div class=\"elementor-element elementor-element-bb8b286 e-con-full e-flex e-con e-child\" data-id=\"bb8b286\" data-element_type=\"container\" data-e-type=\"container\" data-settings=\"{&quot;background_background&quot;:&quot;classic&quot;}\">\n\t\t\t\t<div class=\"elementor-element elementor-element-ea90c40 elementor-widget elementor-widget-heading\" data-id=\"ea90c40\" data-element_type=\"widget\" data-e-type=\"widget\" data-widget_type=\"heading.default\">\n\t\t\t\t<div class=\"elementor-widget-container\">\n\t\t\t\t\t<h3 class=\"elementor-heading-title elementor-size-default\">Altas, bajas y rehabilitaciones<\/h3>\t\t\t\t<\/div>\n\t\t\t\t<\/div>\n\t\t\t\t<div class=\"elementor-element elementor-element-c44c172 elementor-widget elementor-widget-text-editor\" data-id=\"c44c172\" data-element_type=\"widget\" data-e-type=\"widget\" data-widget_type=\"text-editor.default\">\n\t\t\t\t<div class=\"elementor-widget-container\">\n\t\t\t\t\t\t\t\t\tTramitamos bajas temporales, bajas definitivas por exportaci\u00f3n o rehabilitaciones para volver a circular con tu veh\u00edculo legalmente.\t\t\t\t\t\t\t\t<\/div>\n\t\t\t\t<\/div>\n\t\t\t\t<\/div>\n\t\t<div class=\"elementor-element elementor-element-d3d53cd e-con-full e-flex e-con e-child\" data-id=\"d3d53cd\" data-element_type=\"container\" data-e-type=\"container\" data-settings=\"{&quot;background_background&quot;:&quot;classic&quot;}\">\n\t\t\t\t<div class=\"elementor-element elementor-element-c2ff1df elementor-widget elementor-widget-heading\" data-id=\"c2ff1df\" data-element_type=\"widget\" data-e-type=\"widget\" data-widget_type=\"heading.default\">\n\t\t\t\t<div class=\"elementor-widget-container\">\n\t\t\t\t\t<h3 class=\"elementor-heading-title elementor-size-default\">Matriculaciones<\/h3>\t\t\t\t<\/div>\n\t\t\t\t<\/div>\n\t\t\t\t<div class=\"elementor-element elementor-element-a7e0677 elementor-widget elementor-widget-text-editor\" data-id=\"a7e0677\" data-element_type=\"widget\" data-e-type=\"widget\" data-widget_type=\"text-editor.default\">\n\t\t\t\t<div class=\"elementor-widget-container\">\n\t\t\t\t\t\t\t\t\t<p>Gestionamos la matriculaci\u00f3n de veh\u00edculos nuevos o de importaci\u00f3n. Nos encargamos de las tasas y tr\u00e1mites para obtener las placas r\u00e1pidamente. <\/p>\t\t\t\t\t\t\t\t<\/div>\n\t\t\t\t<\/div>\n\t\t\t\t<\/div>\n\t\t<div class=\"elementor-element elementor-element-23a355d e-con-full e-flex e-con e-child\" data-id=\"23a355d\" data-element_type=\"container\" data-e-type=\"container\" data-settings=\"{&quot;background_background&quot;:&quot;classic&quot;}\">\n\t\t\t\t<div class=\"elementor-element elementor-element-4326314 elementor-widget elementor-widget-heading\" data-id=\"4326314\" data-element_type=\"widget\" data-e-type=\"widget\" data-widget_type=\"heading.default\">\n\t\t\t\t<div class=\"elementor-widget-container\">\n\t\t\t\t\t<h3 class=\"elementor-heading-title elementor-size-default\">Duplicados de documentaci\u00f3n<\/h3>\t\t\t\t<\/div>\n\t\t\t\t<\/div>\n\t\t\t\t<div class=\"elementor-element elementor-element-5ac6da7 elementor-widget elementor-widget-text-editor\" data-id=\"5ac6da7\" data-element_type=\"widget\" data-e-type=\"widget\" data-widget_type=\"text-editor.default\">\n\t\t\t\t<div class=\"elementor-widget-container\">\n\t\t\t\t\t\t\t\t\t<p>En caso de p\u00e9rdida, robo o deterioro, obtenemos el duplicado oficial de tu permiso de circulaci\u00f3n o la ficha t\u00e9cnica electr\u00f3nica.<\/p>\t\t\t\t\t\t\t\t<\/div>\n\t\t\t\t<\/div>\n\t\t\t\t<\/div>\n\t\t<div class=\"elementor-element elementor-element-14a2ac1 e-con-full e-flex e-con e-child\" data-id=\"14a2ac1\" data-element_type=\"container\" data-e-type=\"container\" data-settings=\"{&quot;background_background&quot;:&quot;classic&quot;}\">\n\t\t\t\t<div class=\"elementor-element elementor-element-7504222 elementor-widget elementor-widget-heading\" data-id=\"7504222\" data-element_type=\"widget\" data-e-type=\"widget\" data-widget_type=\"heading.default\">\n\t\t\t\t<div class=\"elementor-widget-container\">\n\t\t\t\t\t<h3 class=\"elementor-heading-title elementor-size-default\">Consulta y modificaci\u00f3n de datos<\/h3>\t\t\t\t<\/div>\n\t\t\t\t<\/div>\n\t\t\t\t<div class=\"elementor-element elementor-element-1371886 elementor-widget elementor-widget-text-editor\" data-id=\"1371886\" data-element_type=\"widget\" data-e-type=\"widget\" data-widget_type=\"text-editor.default\">\n\t\t\t\t<div class=\"elementor-widget-container\">\n\t\t\t\t\t\t\t\t\t<p>Pedimos informes completos de veh\u00edculos o corregimos datos t\u00e9cnicos y administrativos err\u00f3neos directamente en el registro oficial de la DGT.<\/p>\t\t\t\t\t\t\t\t<\/div>\n\t\t\t\t<\/div>\n\t\t\t\t<\/div>\n\t\t<div class=\"elementor-element elementor-element-b0eb8a5 e-con-full e-flex e-con e-child\" data-id=\"b0eb8a5\" data-element_type=\"container\" data-e-type=\"container\" data-settings=\"{&quot;background_background&quot;:&quot;classic&quot;}\">\n\t\t\t\t<div class=\"elementor-element elementor-element-e431ff2 elementor-widget elementor-widget-heading\" data-id=\"e431ff2\" data-element_type=\"widget\" data-e-type=\"widget\" data-widget_type=\"heading.default\">\n\t\t\t\t<div class=\"elementor-widget-container\">\n\t\t\t\t\t<h3 class=\"elementor-heading-title elementor-size-default\">Cambio de domicilio fiscal<\/h3>\t\t\t\t<\/div>\n\t\t\t\t<\/div>\n\t\t\t\t<div class=\"elementor-element elementor-element-b5f602f elementor-widget elementor-widget-text-editor\" data-id=\"b5f602f\" data-element_type=\"widget\" data-e-type=\"widget\" data-widget_type=\"text-editor.default\">\n\t\t\t\t<div class=\"elementor-widget-container\">\n\t\t\t\t\t\t\t\t\t\u00bfTe has mudado? Actualizamos la direcci\u00f3n de tu veh\u00edculo en la DGT para que el impuesto de circulaci\u00f3n y las notificaciones te lleguen correctamente. \t\t\t\t\t\t\t\t<\/div>\n\t\t\t\t<\/div>\n\t\t\t\t<\/div>\n\t\t<div class=\"elementor-element elementor-element-699ffa4 e-con-full e-flex e-con e-child\" data-id=\"699ffa4\" data-element_type=\"container\" data-e-type=\"container\" data-settings=\"{&quot;background_background&quot;:&quot;classic&quot;}\">\n\t\t\t\t<div class=\"elementor-element elementor-element-92025e9 elementor-widget elementor-widget-heading\" data-id=\"92025e9\" data-element_type=\"widget\" data-e-type=\"widget\" data-widget_type=\"heading.default\">\n\t\t\t\t<div class=\"elementor-widget-container\">\n\t\t\t\t\t<h3 class=\"elementor-heading-title elementor-size-default\">Duplicado carnet de conducir<\/h3>\t\t\t\t<\/div>\n\t\t\t\t<\/div>\n\t\t\t\t<div class=\"elementor-element elementor-element-fc32a99 elementor-widget elementor-widget-text-editor\" data-id=\"fc32a99\" data-element_type=\"widget\" data-e-type=\"widget\" data-widget_type=\"text-editor.default\">\n\t\t\t\t<div class=\"elementor-widget-container\">\n\t\t\t\t\t\t\t\t\tSi has perdido el carnet o te lo han robado, solicitamos tu duplicado inmediatamente para que puedas seguir conduciendo sin problemas.\t\t\t\t\t\t\t\t<\/div>\n\t\t\t\t<\/div>\n\t\t\t\t<\/div>\n\t\t<div class=\"elementor-element elementor-element-cdaad3b e-con-full e-flex e-con e-child\" data-id=\"cdaad3b\" data-element_type=\"container\" data-e-type=\"container\" data-settings=\"{&quot;background_background&quot;:&quot;classic&quot;}\">\n\t\t\t\t<div class=\"elementor-element elementor-element-c0bf6f8 elementor-widget elementor-widget-heading\" data-id=\"c0bf6f8\" data-element_type=\"widget\" data-e-type=\"widget\" data-widget_type=\"heading.default\">\n\t\t\t\t<div class=\"elementor-widget-container\">\n\t\t\t\t\t<h3 class=\"elementor-heading-title elementor-size-default\">Renovaci\u00f3n de carnet de conducir<\/h3>\t\t\t\t<\/div>\n\t\t\t\t<\/div>\n\t\t\t\t<div class=\"elementor-element elementor-element-d9ca523 elementor-widget elementor-widget-text-editor\" data-id=\"d9ca523\" data-element_type=\"widget\" data-e-type=\"widget\" data-widget_type=\"text-editor.default\">\n\t\t\t\t<div class=\"elementor-widget-container\">\n\t\t\t\t\t\t\t\t\tRenovamos tu permiso antes de que caduque. Gestionamos todo el proceso administrativo sin que tengas que pedir cita previa en Tr\u00e1fico. \t\t\t\t\t\t\t\t<\/div>\n\t\t\t\t<\/div>\n\t\t\t\t<\/div>\n\t\t<div class=\"elementor-element elementor-element-3eaf9eb e-con-full e-flex e-con e-child\" data-id=\"3eaf9eb\" data-element_type=\"container\" data-e-type=\"container\" data-settings=\"{&quot;background_background&quot;:&quot;classic&quot;}\">\n\t\t\t\t<div class=\"elementor-element elementor-element-0341400 elementor-widget elementor-widget-heading\" data-id=\"0341400\" data-element_type=\"widget\" data-e-type=\"widget\" data-widget_type=\"heading.default\">\n\t\t\t\t<div class=\"elementor-widget-container\">\n\t\t\t\t\t<h3 class=\"elementor-heading-title elementor-size-default\">Canjes de permisos de la CEE<\/h3>\t\t\t\t<\/div>\n\t\t\t\t<\/div>\n\t\t\t\t<div class=\"elementor-element elementor-element-1eabeb2 elementor-widget elementor-widget-text-editor\" data-id=\"1eabeb2\" data-element_type=\"widget\" data-e-type=\"widget\" data-widget_type=\"text-editor.default\">\n\t\t\t\t<div class=\"elementor-widget-container\">\n\t\t\t\t\t\t\t\t\tSi tienes un carnet de un pa\u00eds de la UE, gestionamos el canje por el permiso espa\u00f1ol equivalente para que sea v\u00e1lido para residir aqu\u00ed.\t\t\t\t\t\t\t\t<\/div>\n\t\t\t\t<\/div>\n\t\t\t\t<\/div>\n\t\t<div class=\"elementor-element elementor-element-bd5a13d e-con-full e-flex e-con e-child\" data-id=\"bd5a13d\" data-element_type=\"container\" data-e-type=\"container\" data-settings=\"{&quot;background_background&quot;:&quot;classic&quot;}\">\n\t\t\t\t<div class=\"elementor-element elementor-element-31c31d7 elementor-widget elementor-widget-heading\" data-id=\"31c31d7\" data-element_type=\"widget\" data-e-type=\"widget\" data-widget_type=\"heading.default\">\n\t\t\t\t<div class=\"elementor-widget-container\">\n\t\t\t\t\t<h3 class=\"elementor-heading-title elementor-size-default\">Permiso de conducir internacional<\/h3>\t\t\t\t<\/div>\n\t\t\t\t<\/div>\n\t\t\t\t<div class=\"elementor-element elementor-element-6aefdbd elementor-widget elementor-widget-text-editor\" data-id=\"6aefdbd\" data-element_type=\"widget\" data-e-type=\"widget\" data-widget_type=\"text-editor.default\">\n\t\t\t\t<div class=\"elementor-widget-container\">\n\t\t\t\t\t\t\t\t\t<p>\u00bfViajas fuera de la UE? Obtenemos tu permiso internacional para que puedas conducir en el extranjero legalmente y sin fronteras. <\/p>\t\t\t\t\t\t\t\t<\/div>\n\t\t\t\t<\/div>\n\t\t\t\t<\/div>\n\t\t<div class=\"elementor-element elementor-element-cbe4f7c e-con-full e-flex e-con e-child\" data-id=\"cbe4f7c\" data-element_type=\"container\" data-e-type=\"container\" data-settings=\"{&quot;background_background&quot;:&quot;classic&quot;}\">\n\t\t\t\t<div class=\"elementor-element elementor-element-a38f40a elementor-widget elementor-widget-heading\" data-id=\"a38f40a\" data-element_type=\"widget\" data-e-type=\"widget\" data-widget_type=\"heading.default\">\n\t\t\t\t<div class=\"elementor-widget-container\">\n\t\t\t\t\t<h3 class=\"elementor-heading-title elementor-size-default\">\u00bfNecesitas otro tr\u00e1mite para tu veh\u00edculo?<\/h3>\t\t\t\t<\/div>\n\t\t\t\t<\/div>\n\t\t\t\t<div class=\"elementor-element elementor-element-afa79d6 elementor-widget elementor-widget-button\" data-id=\"afa79d6\" data-element_type=\"widget\" data-e-type=\"widget\" data-widget_type=\"button.default\">\n\t\t\t\t<div class=\"elementor-widget-container\">\n\t\t\t\t\t\t\t\t\t<div class=\"elementor-button-wrapper\">\n\t\t\t\t\t<a class=\"elementor-button elementor-button-link elementor-size-sm\" href=\"https:\/\/gestoriapapio.es\/es\/contacto\/\" aria-label=\"Bot\u00f3 m\u00e9s informaci\u00f3 sobre gesti\u00f3 de veh\u00edcles\">\n\t\t\t\t\t\t<span class=\"elementor-button-content-wrapper\">\n\t\t\t\t\t\t\t\t\t<span class=\"elementor-button-text\">Contacta con nosotros.<\/span>\n\t\t\t\t\t<\/span>\n\t\t\t\t\t<\/a>\n\t\t\t\t<\/div>\n\t\t\t\t\t\t\t\t<\/div>\n\t\t\t\t<\/div>\n\t\t\t\t<\/div>\n\t\t\t\t<\/div>\n\t\t\t\t\t<\/div>\n\t\t<\/div>\n\t\t\t\t\t<\/div>\n\t\t<\/section>\n\t\t<div class=\"elementor-element elementor-element-0248c5f e-flex e-con-boxed e-con e-parent\" data-id=\"0248c5f\" data-element_type=\"container\" data-e-type=\"container\">\n\t\t\t\t\t<div class=\"e-con-inner\">\n\t\t<div class=\"elementor-element elementor-element-2fb1d73 e-con-full e-flex e-con e-child\" data-id=\"2fb1d73\" data-element_type=\"container\" data-e-type=\"container\">\n\t\t\t\t<div class=\"elementor-element elementor-element-eac5aec elementor-widget elementor-widget-image\" data-id=\"eac5aec\" data-element_type=\"widget\" data-e-type=\"widget\" data-widget_type=\"image.default\">\n\t\t\t\t<div class=\"elementor-widget-container\">\n\t\t\t\t\t\t\t\t\t\t\t\t\t\t\t<img decoding=\"async\" width=\"1000\" height=\"955\" src=\"https:\/\/gestoriapapio.es\/wp-content\/uploads\/2026\/02\/Tramitacio-de-vehicles.jpg\" class=\"attachment-full size-full wp-image-1447\" alt=\"\" srcset=\"https:\/\/gestoriapapio.es\/wp-content\/uploads\/2026\/02\/Tramitacio-de-vehicles.jpg 1000w, https:\/\/gestoriapapio.es\/wp-content\/uploads\/2026\/02\/Tramitacio-de-vehicles-300x287.jpg 300w, https:\/\/gestoriapapio.es\/wp-content\/uploads\/2026\/02\/Tramitacio-de-vehicles-768x733.jpg 768w\" sizes=\"(max-width: 1000px) 100vw, 1000px\" title=\"\">\t\t\t\t\t\t\t\t\t\t\t\t\t\t\t<\/div>\n\t\t\t\t<\/div>\n\t\t\t\t<\/div>\n\t\t<div class=\"elementor-element elementor-element-0e28dea e-con-full e-flex e-con e-child\" data-id=\"0e28dea\" data-element_type=\"container\" data-e-type=\"container\">\n\t\t\t\t<div class=\"elementor-element elementor-element-a0932af elementor-widget elementor-widget-heading\" data-id=\"a0932af\" data-element_type=\"widget\" data-e-type=\"widget\" data-widget_type=\"heading.default\">\n\t\t\t\t<div class=\"elementor-widget-container\">\n\t\t\t\t\t<span class=\"elementor-heading-title elementor-size-default\">Gestor Administrativo Habilitado por la DGT<\/span>\t\t\t\t<\/div>\n\t\t\t\t<\/div>\n\t\t\t\t<div class=\"elementor-element elementor-element-eb19aab elementor-widget elementor-widget-text-editor\" data-id=\"eb19aab\" data-element_type=\"widget\" data-e-type=\"widget\" data-widget_type=\"text-editor.default\">\n\t\t\t\t<div class=\"elementor-widget-container\">\n\t\t\t\t\t\t\t\t\t<p data-path-to-node=\"4\">Como <strong>miembro del Ilustre Colegio Oficial de Gestores Administrativos de Tarragona (Col. 189)<\/strong>, estamos oficialmente habilitados para realizar tr\u00e1mites directos con la DGT.<\/p><p data-path-to-node=\"5\">Esta certificaci\u00f3n nos permite gestionar tu documentaci\u00f3n de manera telem\u00e1tica, r\u00e1pida y sin citas previas. Te ofrecemos la m\u00e1xima seguridad jur\u00eddica y la garant\u00eda profesional que tus tr\u00e1mites administrativos requieren. <\/p>\t\t\t\t\t\t\t\t<\/div>\n\t\t\t\t<\/div>\n\t\t\t\t<\/div>\n\t\t\t\t\t<\/div>\n\t\t\t\t<\/div>\n\t\t\t\t<\/div>\n\t\t","protected":false},"excerpt":{"rendered":"<p>Tr\u00e1mites para veh\u00edculos Gesti\u00f3n de veh\u00edculos Deja los tr\u00e1mites de tu veh\u00edculo en nuestras manos. Somos un centro autorizado por la DGT especializado en resolver cualquier gesti\u00f3n administrativa de manera r\u00e1pida y eficaz. Te ayudamos con la compraventa de tu coche (transferencias y notificaciones de venta), as\u00ed como con matriculaciones, rehabilitaciones y gesti\u00f3n de bajas. [&hellip;]<\/p>\n","protected":false},"author":1,"featured_media":0,"parent":0,"menu_order":0,"comment_status":"closed","ping_status":"closed","template":"","meta":{"footnotes":""},"class_list":["post-1446","page","type-page","status-publish","hentry"],"_links":{"self":[{"href":"https:\/\/gestoriapapio.es\/es\/wp-json\/wp\/v2\/pages\/1446","targetHints":{"allow":["GET"]}}],"collection":[{"href":"https:\/\/gestoriapapio.es\/es\/wp-json\/wp\/v2\/pages"}],"about":[{"href":"https:\/\/gestoriapapio.es\/es\/wp-json\/wp\/v2\/types\/page"}],"author":[{"embeddable":true,"href":"https:\/\/gestoriapapio.es\/es\/wp-json\/wp\/v2\/users\/1"}],"replies":[{"embeddable":true,"href":"https:\/\/gestoriapapio.es\/es\/wp-json\/wp\/v2\/comments?post=1446"}],"version-history":[{"count":9,"href":"https:\/\/gestoriapapio.es\/es\/wp-json\/wp\/v2\/pages\/1446\/revisions"}],"predecessor-version":[{"id":1553,"href":"https:\/\/gestoriapapio.es\/es\/wp-json\/wp\/v2\/pages\/1446\/revisions\/1553"}],"wp:attachment":[{"href":"https:\/\/gestoriapapio.es\/es\/wp-json\/wp\/v2\/media?parent=1446"}],"curies":[{"name":"wp","href":"https:\/\/api.w.org\/{rel}","templated":true}]}}